{"id":25229,"date":"2017-10-10T15:33:37","date_gmt":"2017-10-10T12:33:37","guid":{"rendered":"http:\/\/www.golf.ee\/?page_id=25229\/"},"modified":"2026-04-07T11:15:12","modified_gmt":"2026-04-07T08:15:12","slug":"referees","status":"publish","type":"page","link":"https:\/\/www.golf.ee\/en\/golfer\/referees\/","title":{"rendered":"Referees"},"content":{"rendered":"<p>The following people (in alphabetical order) currently hold a valid category of golf referee in Estonia:<\/p>\n<p>CAT III:<\/p>\n<p>Lembit Dalberg<br \/>\nAnu Kendra<br \/>\nToomas Murulo<br \/>\nT\u00f5nis N\u00f5mmik<br \/>\nRamil P\u00e4rdi<br \/>\nLembit Sammel<\/p>\n<p>CAT II:<\/p>\n<p>Ott Koobas<br \/>\nMadis Uudam<\/p>\n<p>CAT I:<\/p>\n<p>Randar Lohu<br \/>\nAivar Paalberg<br \/>\nHeiki-Heti Pikki<\/p>\n","protected":false},"excerpt":{"rendered":"<p>The following people (in alphabetical order) currently hold a valid category of golf referee in Estonia: CAT III: Lembit Dalberg Anu Kendra Toomas Murulo T\u00f5nis N\u00f5mmik Ramil P\u00e4rdi Lembit Sammel&#8230;<\/p>\n","protected":false},"author":1,"featured_media":0,"parent":25077,"menu_order":4,"comment_status":"closed","ping_status":"closed","template":"page-template-judges.php","meta":{"_acf_changed":false,"ngg_post_thumbnail":0,"footnotes":""},"class_list":["post-25229","page","type-page","status-publish","hentry"],"acf":[],"_links":{"self":[{"href":"https:\/\/www.golf.ee\/en\/wp-json\/wp\/v2\/pages\/25229","targetHints":{"allow":["GET"]}}],"collection":[{"href":"https:\/\/www.golf.ee\/en\/wp-json\/wp\/v2\/pages"}],"about":[{"href":"https:\/\/www.golf.ee\/en\/wp-json\/wp\/v2\/types\/page"}],"author":[{"embeddable":true,"href":"https:\/\/www.golf.ee\/en\/wp-json\/wp\/v2\/users\/1"}],"replies":[{"embeddable":true,"href":"https:\/\/www.golf.ee\/en\/wp-json\/wp\/v2\/comments?post=25229"}],"version-history":[{"count":10,"href":"https:\/\/www.golf.ee\/en\/wp-json\/wp\/v2\/pages\/25229\/revisions"}],"predecessor-version":[{"id":95194,"href":"https:\/\/www.golf.ee\/en\/wp-json\/wp\/v2\/pages\/25229\/revisions\/95194"}],"up":[{"embeddable":true,"href":"https:\/\/www.golf.ee\/en\/wp-json\/wp\/v2\/pages\/25077"}],"wp:attachment":[{"href":"https:\/\/www.golf.ee\/en\/wp-json\/wp\/v2\/media?parent=25229"}],"curies":[{"name":"wp","href":"https:\/\/api.w.org\/{rel}","templated":true}]}}